{"id":2902,"date":"2025-04-04T01:13:45","date_gmt":"2025-04-04T01:13:45","guid":{"rendered":"https:\/\/wepartner.com.mx\/index.php\/sobre-nosotros-2\/"},"modified":"2026-04-01T17:31:31","modified_gmt":"2026-04-01T17:31:31","slug":"sobre-nosotros","status":"publish","type":"page","link":"http:\/\/wepartner.mx\/en\/sobre-nosotros\/","title":{"rendered":"Por Qu\u00e9 Nosotros"},"content":{"rendered":"<div data-elementor-type=\"wp-page\" data-elementor-id=\"2902\" class=\"elementor elementor-2902\" data-elementor-post-type=\"page\">\n\t\t\t\t\t\t<section class=\"elementor-section elementor-top-section elementor-element elementor-element-1710653 elementor-section-boxed elementor-section-height-default elementor-section-height-default\" data-id=\"1710653\" data-element_type=\"section\" data-e-type=\"section\" data-settings=\"{&quot;background_background&quot;:&quot;gradient&quot;}\">\n\t\t\t\t\t\t\t<div class=\"elementor-background-overlay\"><\/div>\n\t\t\t\t\t\t\t<div class=\"elementor-container elementor-column-gap-default\">\n\t\t\t\t\t<div class=\"elementor-column elementor-col-100 elementor-top-column elementor-element elementor-element-ab1de18\" data-id=\"ab1de18\" data-element_type=\"column\" data-e-type=\"column\">\n\t\t\t<div class=\"elementor-widget-wrap elementor-element-populated\">\n\t\t\t\t\t\t<div class=\"elementor-element elementor-element-1544c9a elementor-widget elementor-widget-html\" data-id=\"1544c9a\" data-element_type=\"widget\" data-e-type=\"widget\" data-widget_type=\"html.default\">\n\t\t\t\t<div class=\"elementor-widget-container\">\n\t\t\t\t\t<style>\n  @import url('https:\/\/fonts.googleapis.com\/css2?family=DM+Sans:ital,opsz,wght@0,9..40,400;0,9..40,500;0,9..40,600;0,9..40,700;0,9..40,800;1,9..40,400&display=swap');\n  .wp-ab-hero *, .wp-ab-hero { margin: 0; padding: 0; box-sizing: border-box; }\n  .wp-ab-hero, .wp-ab-hero * { font-family: 'DM Sans', sans-serif !important; }\n  .wp-ab-hero { background: transparent; padding: 72px 80px 64px; text-align: center; }\n  .wp-ab-hero__tag { display: inline-block; background: #009fdf; color: #fff; font-size: 11px; font-weight: 700; letter-spacing: 2px; text-transform: uppercase; padding: 5px 14px; border-radius: 100px; margin-bottom: 20px; }\n  .wp-ab-hero h1 { font-size: 48px; font-weight: 800; color: #ffffff; line-height: 1.08; margin-bottom: 20px; letter-spacing: -1px; }\n  .wp-ab-hero h1 span { color: #e39940; }\n  .wp-ab-hero__desc { font-size: 17px; color: #ffffff; line-height: 1.7; max-width: 660px; margin: 0 auto; }\n  @media (max-width: 768px) { .wp-ab-hero { padding: 48px 20px 40px; } .wp-ab-hero h1 { font-size: 32px; } }\n<\/style>\n<div class=\"wp-ab-hero\">\n  <span class=\"wp-ab-hero__tag\">Why Wepartner<\/span>\n  <h1 class=\"translation-block\">Boutique BPO solutions<br><span>focused on CX<\/span><\/h1>\n  <p class=\"wp-ab-hero__desc\">Wepartner is your strategic partner in boutique BPO solutions, designed to help your business grow through memorable customer experiences. We drive your success by combining strategy, technology, and human intelligence in every interaction.<\/p>\n<\/div>\t\t\t\t<\/div>\n\t\t\t\t<\/div>\n\t\t\t\t\t<\/div>\n\t\t<\/div>\n\t\t\t\t\t<\/div>\n\t\t<\/section>\n\t\t\t\t<section class=\"elementor-section elementor-top-section elementor-element elementor-element-6d4a946 elementor-section-full_width elementor-section-height-default elementor-section-height-default\" data-id=\"6d4a946\" data-element_type=\"section\" data-e-type=\"section\">\n\t\t\t\t\t\t<div class=\"elementor-container elementor-column-gap-default\">\n\t\t\t\t\t<div class=\"elementor-column elementor-col-100 elementor-top-column elementor-element elementor-element-5549298\" data-id=\"5549298\" data-element_type=\"column\" data-e-type=\"column\">\n\t\t\t<div class=\"elementor-widget-wrap elementor-element-populated\">\n\t\t\t\t\t\t<div class=\"elementor-element elementor-element-92ac7cd elementor-widget elementor-widget-html\" data-id=\"92ac7cd\" data-element_type=\"widget\" data-e-type=\"widget\" data-widget_type=\"html.default\">\n\t\t\t\t<div class=\"elementor-widget-container\">\n\t\t\t\t\t<style>\n  @import url('https:\/\/fonts.googleapis.com\/css2?family=DM+Sans:ital,opsz,wght@0,9..40,400;0,9..40,500;0,9..40,600;0,9..40,700;0,9..40,800;1,9..40,400&display=swap');\n  .wp-ab-story *, .wp-ab-story { margin: 0; padding: 0; box-sizing: border-box; }\n  .wp-ab-story, .wp-ab-story * { font-family: 'DM Sans', sans-serif !important; }\n  .wp-ab-story { background: transparent; padding: 0 80px 80px; }\n  .wp-ab-story__inner { max-width: 1100px; margin: 0 auto; display: grid; grid-template-columns: 1fr 1fr; gap: 64px; align-items: center; }\n  .wp-ab-story__text h2 { font-size: 32px; font-weight: 800; color: #009fdf; margin-bottom: 20px; line-height: 1.2; }\n  .wp-ab-story__text p { font-size: 15px; color: #64748b; line-height: 1.75; margin-bottom: 14px; }\n  .wp-ab-story__text p strong { color: #14213d; }\n  .wp-ab-story__stats { display: grid; grid-template-columns: 1fr 1fr; gap: 16px; }\n  .wp-ab-story__stat { border-radius: 18px; padding: 28px 24px; text-align: center; }\n  .wp-ab-story__stat--dark { background: #1a2e5a; }\n  .wp-ab-story__stat--light { background: #f4f0eb; }\n  .wp-ab-story__stat-num { font-size: 36px; font-weight: 800; line-height: 1; margin-bottom: 6px; }\n  .wp-ab-story__stat--dark .wp-ab-story__stat-num { color: #e39940; }\n  .wp-ab-story__stat--light .wp-ab-story__stat-num { color: #14213d; }\n  .wp-ab-story__stat-label { font-size: 13px; font-weight: 500; }\n  .wp-ab-story__stat--dark .wp-ab-story__stat-label { color: rgba(255,255,255,0.6); }\n  .wp-ab-story__stat--light .wp-ab-story__stat-label { color: #64748b; }\n  @media (max-width: 768px) { .wp-ab-story { padding: 0 20px 56px; } .wp-ab-story__inner { grid-template-columns: 1fr; gap: 40px; } }\n<\/style>\n<div class=\"wp-ab-story\">\n  <div class=\"wp-ab-story__inner\">\n    <div class=\"wp-ab-story__text\">\n      <h2>Our History<\/h2>\n      <p>Wepartner was founded on the belief that customer engagement can be done better: in a more human, transparent, and results-oriented way.<\/p>\n      <p>Since our beginnings, we have specialized in travel and hospitality, an industry that demands empathy, responsiveness, and excellence in every interaction. Today, that expertise extends to multiple sectors, but our philosophy remains the same.<\/p>\n      <p>We operate out of Canc\u00fan and Mexico City, two strategic hubs that give us access to Mexico\u2019s top bilingual talent and allow us to operate in a time zone compatible with the United States and all of Latin America.<\/p>\n    <\/div>\n    <div class=\"wp-ab-story__stats\">\n      <div class=\"wp-ab-story__stat wp-ab-story__stat--dark\">\n        <div class=\"wp-ab-story__stat-num\">8+<\/div>\n        <div class=\"wp-ab-story__stat-label\">Years of experience<\/div>\n      <\/div>\n      <div class=\"wp-ab-story__stat wp-ab-story__stat--light\">\n        <div class=\"wp-ab-story__stat-num\">95%<\/div>\n        <div class=\"wp-ab-story__stat-label\">Customer satisfaction<\/div>\n      <\/div>\n      <div class=\"wp-ab-story__stat wp-ab-story__stat--light\">\n        <div class=\"wp-ab-story__stat-num\">2<\/div>\n        <div class=\"wp-ab-story__stat-label\">Ubicaciones en M\u00e9xico<\/div>\n      <\/div>\n      <div class=\"wp-ab-story__stat wp-ab-story__stat--dark\">\n        <div class=\"wp-ab-story__stat-num\">PCI<\/div>\n        <div class=\"wp-ab-story__stat-label\">Security certification<\/div>\n      <\/div>\n    <\/div>\n  <\/div>\n<\/div>\t\t\t\t<\/div>\n\t\t\t\t<\/div>\n\t\t\t\t\t<\/div>\n\t\t<\/div>\n\t\t\t\t\t<\/div>\n\t\t<\/section>\n\t\t\t\t<section class=\"elementor-section elementor-top-section elementor-element elementor-element-b80433a elementor-section-full_width elementor-section-height-default elementor-section-height-default\" data-id=\"b80433a\" data-element_type=\"section\" data-e-type=\"section\">\n\t\t\t\t\t\t<div class=\"elementor-container elementor-column-gap-default\">\n\t\t\t\t\t<div class=\"elementor-column elementor-col-100 elementor-top-column elementor-element elementor-element-18cba1d\" data-id=\"18cba1d\" data-element_type=\"column\" data-e-type=\"column\">\n\t\t\t<div class=\"elementor-widget-wrap elementor-element-populated\">\n\t\t\t\t\t\t<div class=\"elementor-element elementor-element-60de00a elementor-widget elementor-widget-html\" data-id=\"60de00a\" data-element_type=\"widget\" data-e-type=\"widget\" data-widget_type=\"html.default\">\n\t\t\t\t<div class=\"elementor-widget-container\">\n\t\t\t\t\t<style>\n  @import url('https:\/\/fonts.googleapis.com\/css2?family=DM+Sans:ital,opsz,wght@0,9..40,400;0,9..40,500;0,9..40,600;0,9..40,700;0,9..40,800;1,9..40,400&display=swap');\n  .wp-ab-mv *, .wp-ab-mv { margin: 0; padding: 0; box-sizing: border-box; }\n  .wp-ab-mv, .wp-ab-mv * { font-family: 'DM Sans', sans-serif !important; }\n  .wp-ab-mv { background: #1a2e5a; padding: 72px 80px; }\n  .wp-ab-mv__inner { max-width: 1100px; margin: 0 auto; display: grid; grid-template-columns: 1fr 1fr; gap: 32px; }\n  .wp-ab-mv__card { background: rgba(255,255,255,0.06); border: 1px solid rgba(255,255,255,0.1); border-radius: 20px; padding: 40px 36px; }\n  .wp-ab-mv__card-label { font-size: 11px; font-weight: 700; letter-spacing: 2px; text-transform: uppercase; color: #e39940; margin-bottom: 16px; display: block; }\n  .wp-ab-mv__card h3 { font-size: 24px; font-weight: 800; color: #fff; margin-bottom: 14px; line-height: 1.2; }\n  .wp-ab-mv__card p { font-size: 15px; color: rgba(255,255,255,0.7); line-height: 1.7; }\n  @media (max-width: 768px) { .wp-ab-mv { padding: 56px 20px; } .wp-ab-mv__inner { grid-template-columns: 1fr; } }\n<\/style>\n<div class=\"wp-ab-mv\">\n  <div class=\"wp-ab-mv__inner\">\n    <div class=\"wp-ab-mv__card\">\n      <span class=\"wp-ab-mv__card-label\">Mission<\/span>\n      <h3>Experiences that connect<\/h3>\n      <p>We design and implement boutique BPO solutions for customer interaction, integrating people and technology to deliver extraordinary experiences and sustainable growth.<\/p>\n    <\/div>\n    <div class=\"wp-ab-mv__card\">\n      <span class=\"wp-ab-mv__card-label\">Vision<\/span>\n      <h3>The partner everyone wants<\/h3>\n      <p>To become the preferred BPO partner for brands seeking an agile, human and personalized mode, driven by innovation, data, and real value.<\/p>\n    <\/div>\n  <\/div>\n<\/div>\t\t\t\t<\/div>\n\t\t\t\t<\/div>\n\t\t\t\t\t<\/div>\n\t\t<\/div>\n\t\t\t\t\t<\/div>\n\t\t<\/section>\n\t\t\t\t<section class=\"elementor-section elementor-top-section elementor-element elementor-element-cd6d9b8 elementor-section-full_width elementor-section-height-default elementor-section-height-default\" data-id=\"cd6d9b8\" data-element_type=\"section\" data-e-type=\"section\">\n\t\t\t\t\t\t<div class=\"elementor-container elementor-column-gap-default\">\n\t\t\t\t\t<div class=\"elementor-column elementor-col-100 elementor-top-column elementor-element elementor-element-5a1df59\" data-id=\"5a1df59\" data-element_type=\"column\" data-e-type=\"column\">\n\t\t\t<div class=\"elementor-widget-wrap elementor-element-populated\">\n\t\t\t\t\t\t<div class=\"elementor-element elementor-element-5f526fc elementor-widget elementor-widget-html\" data-id=\"5f526fc\" data-element_type=\"widget\" data-e-type=\"widget\" data-widget_type=\"html.default\">\n\t\t\t\t<div class=\"elementor-widget-container\">\n\t\t\t\t\t<style>\n  @import url('https:\/\/fonts.googleapis.com\/css2?family=DM+Sans:ital,opsz,wght@0,9..40,400;0,9..40,500;0,9..40,600;0,9..40,700;0,9..40,800;1,9..40,400&display=swap');\n  .wp-ab-val *, .wp-ab-val { margin: 0; padding: 0; box-sizing: border-box; }\n  .wp-ab-val, .wp-ab-val * { font-family: 'DM Sans', sans-serif !important; }\n  .wp-ab-val { background: #14213d; padding: 80px 80px; }\n  .wp-ab-val__center { text-align: center; max-width: 600px; margin: 0 auto 48px; }\n  .wp-ab-val__tag { display: inline-block; background: #009fdf; color: #fff; font-size: 11px; font-weight: 700; letter-spacing: 2px; text-transform: uppercase; padding: 5px 14px; border-radius: 100px; margin-bottom: 16px; }\n  .wp-ab-val__center h2 { font-size: 36px; font-weight: 800; color: #fff; }\n  .wp-ab-val__grid { display: grid; grid-template-columns: repeat(3, 1fr); gap: 20px; max-width: 1100px; margin: 0 auto; }\n  .wp-ab-val__card { background: rgba(255,255,255,0.05); border: 1px solid rgba(255,255,255,0.08); border-radius: 18px; padding: 32px 28px; transition: background 0.2s; }\n  .wp-ab-val__card:hover { background: rgba(255,255,255,0.08); }\n  .wp-ab-val__card-icon { width: 44px; height: 44px; background: rgba(227,153,64,0.12); border-radius: 12px; display: flex; align-items: center; justify-content: center; margin-bottom: 16px; }\n  .wp-ab-val__card h3 { font-size: 16px; font-weight: 700; color: #fff; margin-bottom: 8px; }\n  .wp-ab-val__card p { font-size: 13px; color: rgba(255,255,255,0.6); line-height: 1.6; }\n  @media (max-width: 1024px) { .wp-ab-val__grid { grid-template-columns: repeat(2, 1fr); } .wp-ab-val { padding: 64px 40px; } }\n  @media (max-width: 768px) { .wp-ab-val__grid { grid-template-columns: 1fr; } .wp-ab-val { padding: 56px 20px; } }\n<\/style>\n<div class=\"wp-ab-val\">\n  <div class=\"wp-ab-val__center\">\n    <span class=\"wp-ab-val__tag\">Our Values<\/span>\n    <h2>What defines us<\/h2>\n  <\/div>\n  <div class=\"wp-ab-val__grid\">\n    <div class=\"wp-ab-val__card\">\n      <div class=\"wp-ab-val__card-icon\"><svg width=\"22\" height=\"22\" viewbox=\"0 0 24 24\" fill=\"none\" stroke=\"#e39940\" stroke-width=\"2\" stroke-linecap=\"round\" stroke-linejoin=\"round\"><path d=\"M12 2L2 7l10 5 10-5-10-5z\"\/><path d=\"M2 17l10 5 10-5\"\/><path d=\"M2 12l10 5 10-5\"\/><\/svg><\/div>\n      <h3>Innovate to transform<\/h3>\n      <p>Innovation is what drives us to bring about positive changes that make a difference for our customers and employees.<\/p>\n    <\/div>\n    <div class=\"wp-ab-val__card\">\n      <div class=\"wp-ab-val__card-icon\"><svg width=\"22\" height=\"22\" viewbox=\"0 0 24 24\" fill=\"none\" stroke=\"#e39940\" stroke-width=\"2\" stroke-linecap=\"round\" stroke-linejoin=\"round\"><path d=\"M1 12s4-8 11-8 11 8 11 8-4 8-11 8-11-8-11-8z\"\/><circle cx=\"12\" cy=\"12\" r=\"3\"\/><\/svg><\/div>\n      <h3>We speak the truth<\/h3>\n      <p>We are transparent and true to our principles. We speak our mind and keep our promises.<\/p>\n    <\/div>\n    <div class=\"wp-ab-val__card\">\n      <div class=\"wp-ab-val__card-icon\"><svg width=\"22\" height=\"22\" viewbox=\"0 0 24 24\" fill=\"none\" stroke=\"#e39940\" stroke-width=\"2\" stroke-linecap=\"round\" stroke-linejoin=\"round\"><path d=\"M22 12h-4l-3 9L9 3l-3 9H2\"\/><\/svg><\/div>\n      <h3>Fun moves us<\/h3>\n      <p>We are passionate about what we do, and it drives us to always give our best, embracing every challenge and inspiring those around us with our enthusiasm.<\/p>\n    <\/div>\n    <div class=\"wp-ab-val__card\">\n      <div class=\"wp-ab-val__card-icon\"><svg width=\"22\" height=\"22\" viewbox=\"0 0 24 24\" fill=\"none\" stroke=\"#e39940\" stroke-width=\"2\" stroke-linecap=\"round\" stroke-linejoin=\"round\"><path d=\"M17 21v-2a4 4 0 0 0-4-4H5a4 4 0 0 0-4 4v2\"\/><circle cx=\"9\" cy=\"7\" r=\"4\"\/><path d=\"M23 21v-2a4 4 0 0 0-3-3.87\"\/><path d=\"M16 3.13a4 4 0 0 1 0 7.75\"\/><\/svg><\/div>\n      <h3>Conexiones que trascienden<\/h3>\n      <p>We believe in building close, meaningful relationships with our employees and customers. Every interaction is an opportunity to forge lasting bonds.<\/p>\n    <\/div>\n    <div class=\"wp-ab-val__card\">\n      <div class=\"wp-ab-val__card-icon\"><svg width=\"22\" height=\"22\" viewbox=\"0 0 24 24\" fill=\"none\" stroke=\"#e39940\" stroke-width=\"2\" stroke-linecap=\"round\" stroke-linejoin=\"round\"><path d=\"M9 12l2 2 4-4\"\/><circle cx=\"12\" cy=\"12\" r=\"10\"\/><\/svg><\/div>\n      <h3>Attention to detail<\/h3>\n      <p>We are committed to total quality, paying close attention to every detail to deliver real value to those who place their trust in us.<\/p>\n    <\/div>\n    <div class=\"wp-ab-val__card\">\n      <div class=\"wp-ab-val__card-icon\"><svg width=\"22\" height=\"22\" viewbox=\"0 0 24 24\" fill=\"none\" stroke=\"#e39940\" stroke-width=\"2\" stroke-linecap=\"round\" stroke-linejoin=\"round\"><path d=\"M20.84 4.61a5.5 5.5 0 0 0-7.78 0L12 5.67l-1.06-1.06a5.5 5.5 0 0 0-7.78 7.78L12 21.23l8.84-8.84a5.5 5.5 0 0 0 0-7.78z\"\/><\/svg><\/div>\n      <h3>People at the core<\/h3>\n      <p>We listen to our customers and partners to understand their needs and aspirations, to offer solutions that exceed their expectations.<\/p>\n    <\/div>\n  <\/div>\n<\/div>\t\t\t\t<\/div>\n\t\t\t\t<\/div>\n\t\t\t\t\t<\/div>\n\t\t<\/div>\n\t\t\t\t\t<\/div>\n\t\t<\/section>\n\t\t\t\t<section class=\"elementor-section elementor-top-section elementor-element elementor-element-5b9a20b elementor-section-full_width elementor-section-height-default elementor-section-height-default\" data-id=\"5b9a20b\" data-element_type=\"section\" data-e-type=\"section\">\n\t\t\t\t\t\t<div class=\"elementor-container elementor-column-gap-default\">\n\t\t\t\t\t<div class=\"elementor-column elementor-col-100 elementor-top-column elementor-element elementor-element-46a3e93\" data-id=\"46a3e93\" data-element_type=\"column\" data-e-type=\"column\">\n\t\t\t<div class=\"elementor-widget-wrap elementor-element-populated\">\n\t\t\t\t\t\t<div class=\"elementor-element elementor-element-c09ca49 elementor-widget elementor-widget-html\" data-id=\"c09ca49\" data-element_type=\"widget\" data-e-type=\"widget\" data-widget_type=\"html.default\">\n\t\t\t\t<div class=\"elementor-widget-container\">\n\t\t\t\t\t<style>\n  @import url('https:\/\/fonts.googleapis.com\/css2?family=DM+Sans:ital,opsz,wght@0,9..40,400;0,9..40,500;0,9..40,600;0,9..40,700;0,9..40,800;1,9..40,400&display=swap');\n  .wp-ab-dif *, .wp-ab-dif { margin: 0; padding: 0; box-sizing: border-box; }\n  .wp-ab-dif, .wp-ab-dif * { font-family: 'DM Sans', sans-serif !important; }\n  .wp-ab-dif { background: transparent; padding: 80px 80px; }\n  .wp-ab-dif__center { text-align: center; max-width: 650px; margin: 0 auto 48px; }\n  .wp-ab-dif__tag { display: inline-block; background: #009fdf; color: #fff; font-size: 11px; font-weight: 700; letter-spacing: 2px; text-transform: uppercase; padding: 5px 14px; border-radius: 100px; margin-bottom: 16px; }\n  .wp-ab-dif__center h2 { font-size: 36px; font-weight: 800; color: #009fdf; margin-bottom: 12px; }\n  .wp-ab-dif__center p { font-size: 16px; color: #64748b; line-height: 1.65; }\n  .wp-ab-dif__grid { display: grid; grid-template-columns: repeat(4, 1fr); gap: 24px; max-width: 1100px; margin: 0 auto; }\n  .wp-ab-dif__card { text-align: center; padding: 28px 20px; border-radius: 18px; border: 1px solid #eef0f4; background: #fff; transition: box-shadow 0.2s, transform 0.2s; }\n  .wp-ab-dif__card:hover { box-shadow: 0 8px 28px rgba(0,159,223,0.1); transform: translateY(-3px); }\n  .wp-ab-dif__card-icon { width: 56px; height: 56px; background: #eef4ff; border-radius: 14px; display: flex; align-items: center; justify-content: center; margin: 0 auto 16px; }\n  .wp-ab-dif__card h3 { font-size: 15px; font-weight: 700; color: #14213d; margin-bottom: 8px; }\n  .wp-ab-dif__card p { font-size: 13px; color: #64748b; line-height: 1.6; }\n  @media (max-width: 1024px) { .wp-ab-dif__grid { grid-template-columns: repeat(2, 1fr); } .wp-ab-dif { padding: 64px 40px; } }\n  @media (max-width: 768px) { .wp-ab-dif__grid { grid-template-columns: 1fr; } .wp-ab-dif { padding: 56px 20px; } }\n<\/style>\n<div class=\"wp-ab-dif\">\n  <div class=\"wp-ab-dif__center\">\n    <span class=\"wp-ab-dif__tag\">Uniqueness<\/span>\n    <h2>Why Wepartner?<\/h2>\n    <p>What makes the difference in a market full of generic options.<\/p>\n  <\/div>\n  <div class=\"wp-ab-dif__grid\">\n    <div class=\"wp-ab-dif__card\">\n      <div class=\"wp-ab-dif__card-icon\"><svg width=\"24\" height=\"24\" viewbox=\"0 0 24 24\" fill=\"none\" stroke=\"#009fdf\" stroke-width=\"2\" stroke-linecap=\"round\" stroke-linejoin=\"round\"><path d=\"M12 2L2 7l10 5 10-5-10-5z\"\/><path d=\"M2 17l10 5 10-5\"\/><path d=\"M2 12l10 5 10-5\"\/><\/svg><\/div>\n      <h3>Boutique quality<\/h3>\n      <p>Personalized service that large-scale operations cannot provide. Every customer is a priority.<\/p>\n    <\/div>\n    <div class=\"wp-ab-dif__card\">\n      <div class=\"wp-ab-dif__card-icon\"><svg width=\"24\" height=\"24\" viewbox=\"0 0 24 24\" fill=\"none\"><rect x=\"3\" y=\"12\" width=\"4\" height=\"9\" rx=\"1\" fill=\"#009fdf\"\/><rect x=\"10\" y=\"7\" width=\"4\" height=\"14\" rx=\"1\" fill=\"#009fdf\"\/><rect x=\"17\" y=\"3\" width=\"4\" height=\"18\" rx=\"1\" fill=\"#009fdf\"\/><\/svg><\/div>\n      <h3>Performance visibility<\/h3>\n      <p>Real-time dashboards, daily QA, and executive reports. You always know how your operation is performing.<\/p>\n    <\/div>\n    <div class=\"wp-ab-dif__card\">\n      <div class=\"wp-ab-dif__card-icon\"><svg width=\"24\" height=\"24\" viewbox=\"0 0 24 24\" fill=\"none\" stroke=\"#009fdf\" stroke-width=\"2\" stroke-linecap=\"round\" stroke-linejoin=\"round\"><path d=\"M21 10c0 7-9 13-9 13s-9-6-9-13a9 9 0 0 1 18 0z\"\/><circle cx=\"12\" cy=\"10\" r=\"3\"\/><\/svg><\/div>\n      <h3>Nearshore proximity<\/h3>\n      <p>Same time zone, cultural affinity, and short travel times. Flights from Canc\u00fan and Mexico City.<\/p>\n    <\/div>\n    <div class=\"wp-ab-dif__card\">\n      <div class=\"wp-ab-dif__card-icon\"><svg width=\"24\" height=\"24\" viewbox=\"0 0 24 24\" fill=\"none\" stroke=\"#009fdf\" stroke-width=\"2\" stroke-linecap=\"round\" stroke-linejoin=\"round\"><path d=\"M22 12h-4l-3 9L9 3l-3 9H2\"\/><\/svg><\/div>\n      <h3>Faster Scalability<\/h3>\n      <p>Grow quickly without compromising on quality. Our model allows you to scale quickly and securely.<\/p>\n    <\/div>\n  <\/div>\n<\/div>\t\t\t\t<\/div>\n\t\t\t\t<\/div>\n\t\t\t\t\t<\/div>\n\t\t<\/div>\n\t\t\t\t\t<\/div>\n\t\t<\/section>\n\t\t\t\t<\/div>","protected":false},"excerpt":{"rendered":"<p>Sobre Wepartner Soluciones BPO boutiquecentradas en el CX Wepartner es tu socio estrat\u00e9gico en soluciones BPO boutique, dise\u00f1ado para ayudarte a crecer a trav\u00e9s de experiencias de cliente memorables. Impulsamos tu negocio combinando estrategia, tecnolog\u00eda e inteligencia humana en cada interacci\u00f3n. Nuestra historia Wepartner naci\u00f3 con la convicci\u00f3n de que las operaciones de customer engagement [&hellip;]<\/p>\n","protected":false},"author":1,"featured_media":0,"parent":0,"menu_order":0,"comment_status":"closed","ping_status":"closed","template":"","meta":{"_monsterinsights_skip_tracking":false,"_monsterinsights_sitenote_active":false,"_monsterinsights_sitenote_note":"","_monsterinsights_sitenote_category":0,"footnotes":""},"class_list":["post-2902","page","type-page","status-publish","hentry"],"aioseo_notices":[],"_links":{"self":[{"href":"http:\/\/wepartner.mx\/en\/wp-json\/wp\/v2\/pages\/2902","targetHints":{"allow":["GET"]}}],"collection":[{"href":"http:\/\/wepartner.mx\/en\/wp-json\/wp\/v2\/pages"}],"about":[{"href":"http:\/\/wepartner.mx\/en\/wp-json\/wp\/v2\/types\/page"}],"author":[{"embeddable":true,"href":"http:\/\/wepartner.mx\/en\/wp-json\/wp\/v2\/users\/1"}],"replies":[{"embeddable":true,"href":"http:\/\/wepartner.mx\/en\/wp-json\/wp\/v2\/comments?post=2902"}],"version-history":[{"count":52,"href":"http:\/\/wepartner.mx\/en\/wp-json\/wp\/v2\/pages\/2902\/revisions"}],"predecessor-version":[{"id":4420,"href":"http:\/\/wepartner.mx\/en\/wp-json\/wp\/v2\/pages\/2902\/revisions\/4420"}],"wp:attachment":[{"href":"http:\/\/wepartner.mx\/en\/wp-json\/wp\/v2\/media?parent=2902"}],"curies":[{"name":"wp","href":"https:\/\/api.w.org\/{rel}","templated":true}]}}