{"id":3787,"date":"2026-01-24T03:59:10","date_gmt":"2026-01-24T03:59:10","guid":{"rendered":"https:\/\/wepartner.mx\/?page_id=3787"},"modified":"2026-01-24T04:05:57","modified_gmt":"2026-01-24T04:05:57","slug":"politica-de-privacidad","status":"publish","type":"page","link":"http:\/\/wepartner.mx\/en\/politica-de-privacidad\/","title":{"rendered":"Privacy Policy"},"content":{"rendered":"<div data-elementor-type=\"wp-page\" data-elementor-id=\"3787\" class=\"elementor elementor-3787\" data-elementor-post-type=\"page\">\n\t\t\t\t\t\t<section class=\"elementor-section elementor-top-section elementor-element elementor-element-c51d633 elementor-section-boxed elementor-section-height-default elementor-section-height-default\" data-id=\"c51d633\" data-element_type=\"section\" data-e-type=\"section\">\n\t\t\t\t\t\t<div class=\"elementor-container elementor-column-gap-default\">\n\t\t\t\t\t<div class=\"elementor-column elementor-col-100 elementor-top-column elementor-element elementor-element-3fbd54d\" data-id=\"3fbd54d\" data-element_type=\"column\" data-e-type=\"column\">\n\t\t\t<div class=\"elementor-widget-wrap elementor-element-populated\">\n\t\t\t\t\t\t<div class=\"elementor-element elementor-element-bc36a65 elementor-widget elementor-widget-heading\" data-id=\"bc36a65\" data-element_type=\"widget\" data-e-type=\"widget\" data-widget_type=\"heading.default\">\n\t\t\t\t<div class=\"elementor-widget-container\">\n\t\t\t\t\t<h2 class=\"elementor-heading-title elementor-size-default\">Privacy Policy<\/h2>\t\t\t\t<\/div>\n\t\t\t\t<\/div>\n\t\t\t\t<div class=\"elementor-element elementor-element-b47a80a elementor-widget elementor-widget-text-editor\" data-id=\"b47a80a\" data-element_type=\"widget\" data-e-type=\"widget\" data-widget_type=\"text-editor.default\">\n\t\t\t\t<div class=\"elementor-widget-container\">\n\t\t\t\t\t\t\t\t\t<p data-start=\"430\" data-end=\"740\" class=\"translation-block\"><strong data-start=\"430\" data-end=\"455\">Last updated:<\/strong> January 23, 2026<br data-start=\"477\" data-end=\"480\">At Wepartner, with registered address at Av. Bonampak MZ1, LT1, Cancun, Q.Roo., we are responsible for the processing of your personal data. This Privacy Policy explains what information we collect, how we use it, and how you can exercise your rights.<\/p><h3 data-start=\"742\" data-end=\"779\">1) Personal data we collect<\/h3><p data-start=\"780\" data-end=\"862\">We may collect, directly or indirectly, the following categories of personal data:<\/p><ul data-start=\"864\" data-end=\"1473\"><li data-start=\"864\" data-end=\"966\"><p data-start=\"866\" data-end=\"966\" class=\"translation-block\"><strong data-start=\"866\" data-end=\"896\">Identification and contact:<\/strong> name, email address, phone number, company, job title, city\/country.<\/p><\/li><li data-start=\"967\" data-end=\"1118\"><p data-start=\"969\" data-end=\"1118\" class=\"translation-block\"><strong data-start=\"969\" data-end=\"1025\">Employment and recruitment data (when applicable):<\/strong>  resume\/CV, work history, references, education, interview contact information.<\/p><\/li><li data-start=\"1119\" data-end=\"1303\"><p data-start=\"1121\" data-end=\"1303\" class=\"translation-block\"><strong data-start=\"1121\" data-end=\"1178\">Billing and contracting data (when applicable): <\/strong> legal entity name, tax ID (RFC), billing address, administrative contact details, information related to the contracted service.<\/p><\/li><li data-start=\"1304\" data-end=\"1473\"><p data-start=\"1306\" data-end=\"1473\" class=\"translation-block\"><strong data-start=\"1475\" data-end=\"1495\">Technical and browsing data:<\/strong>  IP address, device\/browser type, pages visited, usage events, cookie identifiers or similar technologies.<\/p><\/li><\/ul><p data-start=\"1475\" data-end=\"1681\" class=\"translation-block\"><strong data-start=\"1475\" data-end=\"1495\">Sensitive data:<\/strong>  Wepartner does not request sensitive personal data through the website, unless it is strictly necessary for a specific process and we inform you beforehand.<\/p><h3 data-start=\"1683\" data-end=\"1717\">2) Purposes of processing<\/h3><p data-start=\"1718\" data-end=\"1757\"><strong data-start=\"1718\" data-end=\"1757\">Primary (necessary) purposes:<\/strong><\/p><ul data-start=\"1758\" data-end=\"2159\"><li data-start=\"1758\" data-end=\"1845\"><p data-start=\"1760\" data-end=\"1845\">To respond to requests for contact, information, quotes, or service demonstrations.<\/p><\/li><li data-start=\"1846\" data-end=\"1915\"><p data-start=\"1848\" data-end=\"1915\">To follow up on business communications you request.<\/p><\/li><li data-start=\"1916\" data-end=\"2011\"><p data-start=\"1918\" data-end=\"2011\">To manage recruitment and selection processes when you apply or share your CV with us.<\/p><\/li><li data-start=\"2012\" data-end=\"2089\"><p data-start=\"2014\" data-end=\"2089\">To formalize and manage the business and\/or contractual relationship (if applicable).<\/p><\/li><li data-start=\"2090\" data-end=\"2159\"><p data-start=\"2092\" data-end=\"2159\">To provide support, maintain website security, and prevent fraud or misuse.<\/p><\/li><\/ul><p data-start=\"2161\" data-end=\"2202\"><strong data-start=\"2161\" data-end=\"2202\">Secondary (optional) purposes:<\/strong><\/p><ul data-start=\"2203\" data-end=\"2410\"><li data-start=\"2203\" data-end=\"2303\"><p data-start=\"2205\" data-end=\"2303\">To send newsletters, content, event invitations, surveys, and marketing communications.<\/p><\/li><li data-start=\"2304\" data-end=\"2410\"><p data-start=\"2306\" data-end=\"2410\">To perform analytics to improve the browsing experience, measure campaign performance, and optimize content.<\/p><\/li><\/ul><p data-start=\"2412\" data-end=\"2559\" class=\"translation-block\">If you do not want your data processed for secondary purposes, you may request it at any time by writing to: info@wepartner.com.mx<\/p><h3 data-start=\"2561\" data-end=\"2616\">3) Options and means to limit use or disclosure<\/h3><p data-start=\"2617\" data-end=\"2850\" class=\"translation-block\">You may request to limit the use\/disclosure of your personal data, or opt out of promotional communications, by writing to: info@wepartner.com.mx\n with the subject line \u201cLimit use of data\u201d or \u201cUnsubscribe\u201d.<\/p><h3 data-start=\"2852\" data-end=\"2904\">4) ARCO rights and withdrawal of consent<\/h3><p data-start=\"2905\" data-end=\"3153\" class=\"translation-block\">You have the right to Access, Rectify, Cancel, or Object to the processing of your personal data (known in Mexico as ARCO rights), as well as to withdraw your consent, in accordance with applicable law.<\/p><p data-start=\"3155\" data-end=\"3229\" class=\"translation-block\">To exercise these rights, send a request to info@wepartner.com.mx\n including:<\/p><ul data-start=\"3230\" data-end=\"3470\"><li data-start=\"3230\" data-end=\"3273\"><p data-start=\"3232\" data-end=\"3273\">Your full name and a means to receive our response.<\/p><\/li><li data-start=\"3274\" data-end=\"3322\"><p data-start=\"3276\" data-end=\"3322\">The right you wish to exercise (ARCO or consent withdrawal).<\/p><\/li><li data-start=\"3323\" data-end=\"3399\"><p data-start=\"3325\" data-end=\"3399\">A clear description of the personal data to which your request relates.<\/p><\/li><li data-start=\"3400\" data-end=\"3470\"><p data-start=\"3402\" data-end=\"3470\">Proof of identity (and, if applicable, proof of legal representation).<\/p><\/li><\/ul><p data-start=\"3472\" data-end=\"3553\">Wepartner will respond within the timeframes and terms established by applicable law.<\/p><h3 data-start=\"3555\" data-end=\"3585\">5) Data transfers<\/h3><p data-start=\"3586\" data-end=\"3875\">Wepartner podr\u00e1 compartir datos personales con <strong data-start=\"3633\" data-end=\"3648\">proveedores<\/strong> que nos apoyan en funciones necesarias para operar el sitio y prestar servicios (por ejemplo: hosting, anal\u00edtica, formularios, CRM, email marketing, mensajer\u00eda, seguridad), bajo medidas contractuales y de seguridad razonables.<\/p><p data-start=\"3877\" data-end=\"4006\">Cuando corresponda, Wepartner realizar\u00e1 las transferencias conforme a la legislaci\u00f3n aplicable y con las salvaguardas necesarias.<\/p><h3 data-start=\"4170\" data-end=\"4215\">6) Uso de cookies y tecnolog\u00edas similares<\/h3><p data-start=\"4216\" data-end=\"4298\" class=\"translation-block\">The <strong data-start=\"4225\" data-end=\"4241\">wepartner.mx<\/strong> website may use cookies and similar technologies to:<\/p><ul data-start=\"4299\" data-end=\"4444\"><li data-start=\"4299\" data-end=\"4338\"><p data-start=\"4301\" data-end=\"4338\">Ensure website functionality.<\/p><\/li><li data-start=\"4339\" data-end=\"4363\"><p data-start=\"4341\" data-end=\"4363\">Remember preferences.<\/p><\/li><li data-start=\"4364\" data-end=\"4392\"><p data-start=\"4366\" data-end=\"4392\">Measure traffic and performance.<\/p><\/li><li data-start=\"4393\" data-end=\"4444\"><p data-start=\"4395\" data-end=\"4444\">Personalize content and advertising (if applicable).<\/p><\/li><\/ul><p data-start=\"4446\" data-end=\"4585\">You can disable cookies through your browser settings. Please note that some website features may be affected.<\/p><h3 data-start=\"4587\" data-end=\"4629\">7) Security measures and retention<\/h3><p data-start=\"4630\" data-end=\"4792\">Wepartner implements reasonable administrative, technical, and physical measures to protect your personal data against damage, loss, alteration, destruction, or unauthorized use.<\/p><p data-start=\"4794\" data-end=\"4993\" class=\"translation-block\">We will retain personal data only for as long as necessary to fulfill the purposes described above and any applicable legal obligations; afterwards, it will be deleted or anonymized as appropriate.<\/p><h3 data-start=\"4995\" data-end=\"5026\">8) Children\u2019s data<\/h3><p data-start=\"5027\" data-end=\"5189\" class=\"translation-block\">This website is not directed to minors. If you believe a minor has provided us with personal data, please contact us so we can address it: <strong data-start=\"5162\" data-end=\"5188\">info@wepartner.com.mx<\/strong>.<\/p><h3 data-start=\"5191\" data-end=\"5228\">9) Changes to this Privacy Policy<\/h3><p data-start=\"5229\" data-end=\"5357\" class=\"translation-block\">Wepartner may update this Privacy Policy from time to time. Any changes will be posted on this page, indicating the last updated date.<\/p><h3 data-start=\"5359\" data-end=\"5375\">10) Contact<\/h3><p data-start=\"5376\" data-end=\"5561\" class=\"translation-block\">For questions, comments, or to exercise your rights under this Privacy Policy, contact us at:\nEmail: info@wepartner.com.mx<\/p>\t\t\t\t\t\t\t\t<\/div>\n\t\t\t\t<\/div>\n\t\t\t\t\t<\/div>\n\t\t<\/div>\n\t\t\t\t\t<\/div>\n\t\t<\/section>\n\t\t\t\t<\/div>","protected":false},"excerpt":{"rendered":"<p>Pol\u00edtica de privacidad \u00daltima actualizaci\u00f3n: 23 de enero de 2026En Wepartner, con domicilio en Av. Bonampak MZ1, LT1, Cancun, Q.Roo., somos responsables del tratamiento de sus datos personales. Este Aviso de Privacidad describe qu\u00e9 datos recabamos, para qu\u00e9 los usamos y c\u00f3mo puede ejercer sus derechos. 1) Datos personales que recabamos Podemos recabar, de forma [&hellip;]<\/p>\n","protected":false},"author":3,"featured_media":0,"parent":0,"menu_order":0,"comment_status":"closed","ping_status":"closed","template":"","meta":{"_monsterinsights_skip_tracking":false,"_monsterinsights_sitenote_active":false,"_monsterinsights_sitenote_note":"","_monsterinsights_sitenote_category":0,"footnotes":""},"class_list":["post-3787","page","type-page","status-publish","hentry"],"_links":{"self":[{"href":"http:\/\/wepartner.mx\/en\/wp-json\/wp\/v2\/pages\/3787","targetHints":{"allow":["GET"]}}],"collection":[{"href":"http:\/\/wepartner.mx\/en\/wp-json\/wp\/v2\/pages"}],"about":[{"href":"http:\/\/wepartner.mx\/en\/wp-json\/wp\/v2\/types\/page"}],"author":[{"embeddable":true,"href":"http:\/\/wepartner.mx\/en\/wp-json\/wp\/v2\/users\/3"}],"replies":[{"embeddable":true,"href":"http:\/\/wepartner.mx\/en\/wp-json\/wp\/v2\/comments?post=3787"}],"version-history":[{"count":3,"href":"http:\/\/wepartner.mx\/en\/wp-json\/wp\/v2\/pages\/3787\/revisions"}],"predecessor-version":[{"id":3790,"href":"http:\/\/wepartner.mx\/en\/wp-json\/wp\/v2\/pages\/3787\/revisions\/3790"}],"wp:attachment":[{"href":"http:\/\/wepartner.mx\/en\/wp-json\/wp\/v2\/media?parent=3787"}],"curies":[{"name":"wp","href":"https:\/\/api.w.org\/{rel}","templated":true}]}}