{"id":4230,"date":"2026-03-25T02:38:50","date_gmt":"2026-03-25T02:38:50","guid":{"rendered":"https:\/\/wepartner.mx\/?page_id=4230"},"modified":"2026-04-02T19:12:25","modified_gmt":"2026-04-02T19:12:25","slug":"servicios-especiali","status":"publish","type":"page","link":"http:\/\/wepartner.mx\/en\/servicios-especiali\/","title":{"rendered":"Specialized BPO Services"},"content":{"rendered":"<div data-elementor-type=\"wp-page\" data-elementor-id=\"4230\" class=\"elementor elementor-4230\" data-elementor-post-type=\"page\">\n\t\t\t\t\t\t<section class=\"elementor-section elementor-top-section elementor-element elementor-element-050c8e6 elementor-section-full_width elementor-section-height-default elementor-section-height-default\" data-id=\"050c8e6\" data-element_type=\"section\" data-e-type=\"section\">\n\t\t\t\t\t\t<div class=\"elementor-container elementor-column-gap-default\">\n\t\t\t\t\t<div class=\"elementor-column elementor-col-100 elementor-top-column elementor-element elementor-element-09590fd\" data-id=\"09590fd\" data-element_type=\"column\" data-e-type=\"column\">\n\t\t\t<div class=\"elementor-widget-wrap elementor-element-populated\">\n\t\t\t\t\t\t<div class=\"elementor-element elementor-element-112a4c2 elementor-widget elementor-widget-html\" data-id=\"112a4c2\" data-element_type=\"widget\" data-e-type=\"widget\" data-widget_type=\"html.default\">\n\t\t\t\t<div class=\"elementor-widget-container\">\n\t\t\t\t\t<style>\n  @import url('https:\/\/fonts.googleapis.com\/css2?family=DM+Sans:ital,opsz,wght@0,9..40,400;0,9..40,500;0,9..40,600;0,9..40,700;0,9..40,800;1,9..40,400&display=swap');\n\n  .wp-sp * { margin: 0; padding: 0; box-sizing: border-box; }\n  .wp-sp,\n  .wp-sp * { font-family: 'DM Sans', sans-serif !important; }\n\n  \/* ============================================\n     SECTION 1 \u2014 HERO\n     ============================================ *\/\n  .wp-sp-hero {\n    background: transparent;\n    padding: 64px 80px 72px;\n  }\n  .wp-sp-hero__inner {\n    max-width: 1100px;\n    margin: 0 auto;\n  }\n  .wp-sp-hero__back,\n  .wp-sp-hero__back:link,\n  .wp-sp-hero__back:visited {\n    display: inline-flex;\n    align-items: center;\n    gap: 6px;\n    font-size: 13px;\n    color: #009fdf;\n    text-decoration: none !important;\n    font-weight: 500;\n    margin-bottom: 32px;\n    transition: gap 0.2s;\n  }\n  .wp-sp-hero__back:hover { gap: 10px; }\n  .wp-sp-hero h1 {\n    font-size: 48px;\n    font-weight: 800;\n    color: #14213d;\n    line-height: 1.08;\n    margin-bottom: 14px;\n    letter-spacing: -1px;\n  }\n  .wp-sp-hero__subtitle {\n    font-size: 18px;\n    font-weight: 600;\n    color: #009fdf;\n    margin-bottom: 16px;\n  }\n  .wp-sp-hero__desc {\n    font-size: 16px;\n    color: #64748b;\n    line-height: 1.7;\n    max-width: 680px;\n  }\n\n  \/* ============================================\n     SECTION 2 \u2014 RESULTADOS ESPERADOS\n     ============================================ *\/\n  .wp-sp-results {\n    background: transparent;\n    padding: 0 80px 80px;\n  }\n  .wp-sp-results__card {\n    max-width: 1100px;\n    margin: 0 auto;\n    background: #1a2e5a;\n    border-radius: 24px;\n    padding: 40px 44px;\n  }\n  .wp-sp-results__header {\n    display: flex;\n    align-items: center;\n    gap: 12px;\n    margin-bottom: 28px;\n  }\n  .wp-sp-results__icon {\n    width: 36px;\n    height: 36px;\n    background: rgba(227,153,64,0.15);\n    border-radius: 10px;\n    display: flex;\n    align-items: center;\n    justify-content: center;\n    font-size: 16px;\n  }\n  .wp-sp-results__header h3 {\n    font-size: 20px;\n    font-weight: 700;\n    color: #fff;\n  }\n  .wp-sp-results__grid {\n    display: grid;\n    grid-template-columns: 1fr 1fr;\n    gap: 14px;\n  }\n  .wp-sp-results__item {\n    display: flex;\n    align-items: center;\n    gap: 12px;\n    background: rgba(255,255,255,0.06);\n    border: 1px solid rgba(255,255,255,0.08);\n    border-radius: 12px;\n    padding: 16px 20px;\n  }\n  .wp-sp-results__check {\n    width: 24px;\n    height: 24px;\n    border-radius: 50%;\n    border: 1.5px solid #e39940;\n    display: flex;\n    align-items: center;\n    justify-content: center;\n    flex-shrink: 0;\n  }\n  .wp-sp-results__check svg {\n    width: 12px;\n    height: 12px;\n  }\n  .wp-sp-results__item span {\n    font-size: 14px;\n    color: rgba(255,255,255,0.85);\n    font-weight: 500;\n  }\n\n  \/* ============================================\n     SECTION 3 \u2014 CASOS DE USO\n     ============================================ *\/\n  .wp-sp-cases {\n    background: transparent;\n    padding: 80px 80px;\n  }\n  .wp-sp-cases__inner {\n    max-width: 1100px;\n    margin: 0 auto;\n  }\n  .wp-sp-cases__header {\n    display: flex;\n    align-items: center;\n    gap: 12px;\n    margin-bottom: 32px;\n  }\n  .wp-sp-cases__header-icon {\n    width: 32px;\n    height: 32px;\n    display: flex;\n    align-items: center;\n    justify-content: center;\n    font-size: 18px;\n    color: #009fdf;\n  }\n  .wp-sp-cases__header h3 {\n    font-size: 24px;\n    font-weight: 800;\n    color: #14213d;\n  }\n  .wp-sp-cases__grid {\n    display: grid;\n    grid-template-columns: repeat(3, 1fr);\n    gap: 16px;\n  }\n  .wp-sp-cases__card {\n    border: 1px solid #e2e8f0;\n    border-radius: 16px;\n    padding: 24px;\n    transition: box-shadow 0.2s, transform 0.2s;\n  }\n  .wp-sp-cases__card:hover {\n    box-shadow: 0 6px 24px rgba(0,159,223,0.08);\n    transform: translateY(-2px);\n  }\n  .wp-sp-cases__num {\n    display: inline-flex;\n    align-items: center;\n    justify-content: center;\n    width: 32px;\n    height: 32px;\n    border-radius: 8px;\n    background: #eef4ff;\n    font-size: 12px;\n    font-weight: 700;\n    color: #203c85;\n    margin-bottom: 14px;\n  }\n  .wp-sp-cases__card p {\n    font-size: 14px;\n    color: #14213d;\n    font-weight: 500;\n    line-height: 1.5;\n  }\n\n  \/* ============================================\n     SECTION 4 \u2014 C\u00d3MO SE IMPLEMENTA\n     ============================================ *\/\n  .wp-sp-process {\n    background: transparent;\n    padding: 0 80px 80px;\n  }\n  .wp-sp-process__inner {\n    max-width: 1100px;\n    margin: 0 auto;\n  }\n  .wp-sp-process__header {\n    display: flex;\n    align-items: center;\n    gap: 12px;\n    margin-bottom: 32px;\n  }\n  .wp-sp-process__header h3 {\n    font-size: 24px;\n    font-weight: 800;\n    color: #14213d;\n  }\n  .wp-sp-process__grid {\n    display: grid;\n    grid-template-columns: repeat(4, 1fr);\n    gap: 16px;\n  }\n  .wp-sp-process__step {\n    border: 1px solid #e2e8f0;\n    border-top: 3px solid #009fdf;\n    border-radius: 16px;\n    padding: 28px 22px;\n    position: relative;\n  }\n  .wp-sp-process__step-num {\n    font-size: 40px;\n    font-weight: 800;\n    color: #eef0f4;\n    line-height: 1;\n    margin-bottom: 12px;\n  }\n  .wp-sp-process__step h4 {\n    font-size: 15px;\n    font-weight: 700;\n    color: #14213d;\n    margin-bottom: 8px;\n    line-height: 1.3;\n  }\n  .wp-sp-process__step p {\n    font-size: 13px;\n    color: #64748b;\n    line-height: 1.6;\n  }\n\n  \/* ============================================\n     SECTION 5 \u2014 KPIs\n     ============================================ *\/\n  .wp-sp-kpis {\n    background: transparent;\n    padding: 0 80px 80px;\n  }\n  .wp-sp-kpis__inner {\n    max-width: 1100px;\n    margin: 0 auto;\n  }\n  .wp-sp-kpis__header {\n    display: flex;\n    align-items: center;\n    gap: 12px;\n    margin-bottom: 24px;\n  }\n  .wp-sp-kpis__header-icon {\n    font-size: 18px;\n    color: #e39940;\n  }\n  .wp-sp-kpis__header h3 {\n    font-size: 24px;\n    font-weight: 800;\n    color: #14213d;\n  }\n  .wp-sp-kpis__pills {\n    display: flex;\n    flex-wrap: wrap;\n    gap: 10px;\n  }\n  .wp-sp-kpis__pill {\n    display: inline-block;\n    background: #fff;\n    border: 1.5px solid #e2e8f0;\n    border-radius: 100px;\n    padding: 10px 20px;\n    font-size: 14px;\n    font-weight: 600;\n    color: #14213d;\n    transition: border-color 0.2s, background 0.2s;\n  }\n  .wp-sp-kpis__pill:hover {\n    border-color: #009fdf;\n    background: #eef8fd;\n    color: #009fdf;\n  }\n\n  \/* ============================================\n     SECTION 6 \u2014 CTA FINAL\n     ============================================ *\/\n  .wp-sp-cta {\n    background: #009fdf;\n    padding: 72px 80px;\n    text-align: center;\n    position: relative;\n    overflow: hidden;\n  }\n  .wp-sp-cta::before {\n    content: '';\n    position: absolute;\n    width: 300px;\n    height: 300px;\n    border-radius: 50%;\n    background: rgba(255,255,255,0.06);\n    top: -80px;\n    left: -60px;\n  }\n  .wp-sp-cta::after {\n    content: '';\n    position: absolute;\n    width: 200px;\n    height: 200px;\n    border-radius: 50%;\n    background: rgba(255,255,255,0.04);\n    bottom: -60px;\n    right: -40px;\n  }\n  .wp-sp-cta__inner {\n    position: relative;\n    z-index: 1;\n  }\n  .wp-sp-cta h2 {\n    font-size: 34px;\n    font-weight: 800;\n    color: #fff;\n    margin-bottom: 12px;\n    letter-spacing: -0.5px;\n  }\n  .wp-sp-cta p {\n    font-size: 16px;\n    color: rgba(255,255,255,0.85);\n    margin-bottom: 32px;\n  }\n  .wp-sp-cta__btn,\n  .wp-sp-cta__btn:link,\n  .wp-sp-cta__btn:visited {\n    display: inline-flex;\n    align-items: center;\n    gap: 8px;\n    background: #e39940;\n    color: #fff;\n    border: none;\n    padding: 16px 32px;\n    border-radius: 12px;\n    font-size: 16px;\n    font-weight: 700;\n    cursor: pointer;\n    text-decoration: none !important;\n    transition: background 0.2s, transform 0.15s;\n  }\n  .wp-sp-cta__btn:hover { background: #c9872e; transform: translateY(-2px); }\n\n  \/* ============================================\n     RESPONSIVE\n     ============================================ *\/\n  @media (max-width: 1024px) {\n    .wp-sp-hero, .wp-sp-results, .wp-sp-cases, .wp-sp-process, .wp-sp-kpis, .wp-sp-cta { padding-left: 40px; padding-right: 40px; }\n    .wp-sp-process__grid { grid-template-columns: repeat(2, 1fr); }\n    .wp-sp-cases__grid { grid-template-columns: repeat(2, 1fr); }\n  }\n  @media (max-width: 768px) {\n    .wp-sp-hero, .wp-sp-results, .wp-sp-cases, .wp-sp-process, .wp-sp-kpis, .wp-sp-cta { padding-left: 20px; padding-right: 20px; }\n    .wp-sp-hero h1 { font-size: 32px; }\n    .wp-sp-results__grid { grid-template-columns: 1fr; }\n    .wp-sp-results__card { padding: 28px 20px; }\n    .wp-sp-cases__grid { grid-template-columns: 1fr; }\n    .wp-sp-process__grid { grid-template-columns: 1fr; }\n    .wp-sp-cta h2 { font-size: 26px; }\n  }\n<\/style>\n\n<!-- ============================\n     SECTION 1 \u2014 HERO\n     ============================ -->\n<div class=\"wp-sp\">\n\n<div class=\"wp-sp-hero\">\n  <div class=\"wp-sp-hero__inner\">\n    <!-- URL: P\u00e1gina de servicios -->\n    <a href=\"https:\/\/wepartner.mx\/en\/soluciones\/\" class=\"wp-sp-hero__back\">\u2190 Back to Solutions<\/a>\n    <h1>Specialized BPO Services<\/h1>\n    <p class=\"wp-sp-hero__subtitle\">Operational pods ready to go with QA, WFM, and BI from day one<\/p>\n    <p class=\"wp-sp-hero__desc\">We design and operate specialized pods for every aspect of your business: back office, lead generation, collections, healthcare support, legal services, and sales campaign automation. Our teams are bilingual, dedicated, and fully accountable.<\/p>\n  <\/div>\n<\/div>\n\n<!-- ============================\n     SECTION 2 \u2014 RESULTADOS ESPERADOS\n     ============================ -->\n<div class=\"wp-sp-results\">\n  <div class=\"wp-sp-results__card\">\n    <div class=\"wp-sp-results__header\">\n      <div class=\"wp-sp-results__icon\"><svg width=\"18\" height=\"18\" viewbox=\"0 0 24 24\" fill=\"none\"><circle cx=\"12\" cy=\"12\" r=\"10\" stroke=\"#e39940\" stroke-width=\"2\"\/><circle cx=\"12\" cy=\"12\" r=\"6\" stroke=\"#e39940\" stroke-width=\"2\"\/><circle cx=\"12\" cy=\"12\" r=\"2\" fill=\"#e39940\"\/><\/svg><\/div>\n      <h3>What to expect<\/h3>\n    <\/div>\n    <div class=\"wp-sp-results__grid\">\n      <div class=\"wp-sp-results__item\">\n        <div class=\"wp-sp-results__check\">\n          <svg viewbox=\"0 0 12 12\" fill=\"none\"><path d=\"M2 6l3 3 5-5\" stroke=\"#e39940\" stroke-width=\"1.5\" stroke-linecap=\"round\" stroke-linejoin=\"round\"\/><\/svg>\n        <\/div>\n        <span>Up to 30% cost savings vs. in-house<\/span>\n      <\/div>\n      <div class=\"wp-sp-results__item\">\n        <div class=\"wp-sp-results__check\">\n          <svg viewbox=\"0 0 12 12\" fill=\"none\"><path d=\"M2 6l3 3 5-5\" stroke=\"#e39940\" stroke-width=\"1.5\" stroke-linecap=\"round\" stroke-linejoin=\"round\"\/><\/svg>\n        <\/div>\n        <span>SLA with over 95% satisfaction<\/span>\n      <\/div>\n      <div class=\"wp-sp-results__item\">\n        <div class=\"wp-sp-results__check\">\n          <svg viewbox=\"0 0 12 12\" fill=\"none\"><path d=\"M2 6l3 3 5-5\" stroke=\"#e39940\" stroke-width=\"1.5\" stroke-linecap=\"round\" stroke-linejoin=\"round\"\/><\/svg>\n        <\/div>\n        <span>50% faster scalability than an in-house solution<\/span>\n      <\/div>\n      <div class=\"wp-sp-results__item\">\n        <div class=\"wp-sp-results__check\">\n          <svg viewbox=\"0 0 12 12\" fill=\"none\"><path d=\"M2 6l3 3 5-5\" stroke=\"#e39940\" stroke-width=\"1.5\" stroke-linecap=\"round\" stroke-linejoin=\"round\"\/><\/svg>\n        <\/div>\n        <span>Full visibility with real-time dashboards<\/span>\n      <\/div>\n    <\/div>\n  <\/div>\n<\/div>\n\n<!-- ============================\n     SECTION 3 \u2014 CASOS DE USO\n     ============================ -->\n<div class=\"wp-sp-cases\">\n  <div class=\"wp-sp-cases__inner\">\n    <div class=\"wp-sp-cases__header\">\n      <div class=\"wp-sp-cases__header-icon\"><svg width=\"20\" height=\"20\" viewbox=\"0 0 24 24\" fill=\"none\"><path d=\"M9 21h6m-3-18a7 7 0 0 1 4 12.7V17a1 1 0 0 1-1 1h-6a1 1 0 0 1-1-1v-1.3A7 7 0 0 1 12 3z\" stroke=\"#009fdf\" stroke-width=\"2\" stroke-linecap=\"round\" stroke-linejoin=\"round\"\/><\/svg><\/div>\n      <h3>Our services<\/h3>\n    <\/div>\n    <div class=\"wp-sp-cases__grid\">\n      <div class=\"wp-sp-cases__card\">\n        <div class=\"wp-sp-cases__num\">01<\/div>\n        <h4 style=\"font-size:15px;font-weight:700;color:#009fdf;margin-bottom:6px;\">Back Office (BO)<\/h4>\n        <p>Data capture, validation, reconciliation, administrative processes, and data cleansing.<\/p>\n      <\/div>\n      <div class=\"wp-sp-cases__card\">\n        <div class=\"wp-sp-cases__num\">02<\/div>\n        <h4 style=\"font-size:15px;font-weight:700;color:#009fdf;margin-bottom:6px;\">Lead Generation<\/h4>\n        <p>Prospecting, lead qualification, nurturing, scheduling appointments, and database enrichment.<\/p>\n      <\/div>\n      <div class=\"wp-sp-cases__card\">\n        <div class=\"wp-sp-cases__num\">03<\/div>\n        <h4 style=\"font-size:15px;font-weight:700;color:#009fdf;margin-bottom:6px;\">Healthcare Support<\/h4>\n        <p>Scheduling, reminders, verification, coordination, and administrative support.<\/p>\n      <\/div>\n      <div class=\"wp-sp-cases__card\">\n        <div class=\"wp-sp-cases__num\">04<\/div>\n        <h4 style=\"font-size:15px;font-weight:700;color:#009fdf;margin-bottom:6px;\">Legal Services Support<\/h4>\n        <p>Case intake, follow-up, document management, and operational coordination.<\/p>\n      <\/div>\n      <div class=\"wp-sp-cases__card\">\n        <div class=\"wp-sp-cases__num\">05<\/div>\n        <h4 style=\"font-size:15px;font-weight:700;color:#009fdf;margin-bottom:6px;\">First-Party Billing<\/h4>\n        <p>Strategy development, segmentation, regulatory compliance, negotiation, and recovery reporting.<\/p>\n      <\/div>\n      <div class=\"wp-sp-cases__card\">\n        <div class=\"wp-sp-cases__num\">06<\/div>\n        <h4 style=\"font-size:15px;font-weight:700;color:#009fdf;margin-bottom:6px;\">Sales Campaign Automation<\/h4>\n        <p>Design of workflows, sequences, scoring models, handoffs, and funnel performance metrics.<\/p>\n      <\/div>\n    <\/div>\n  <\/div>\n<\/div>\n\n<!-- ============================\n     SECTION 4 \u2014 C\u00d3MO SE IMPLEMENTA\n     ============================ -->\n<div class=\"wp-sp-process\">\n  <div class=\"wp-sp-process__inner\">\n    <div class=\"wp-sp-process__header\">\n      <h3>The process<\/h3>\n    <\/div>\n    <div class=\"wp-sp-process__grid\">\n      <div class=\"wp-sp-process__step\">\n        <div class=\"wp-sp-process__step-num\">01<\/div>\n        <h4>Discovery &amp; Design<\/h4>\n        <p>We analyze your current operations, define KPIs, and design the ideal operational model.<\/p>\n      <\/div>\n      <div class=\"wp-sp-process__step\">\n        <div class=\"wp-sp-process__step-num\">02<\/div>\n        <h4>Recruitment &amp; Training<\/h4>\n        <p>We recruit specialized talent and train them in your processes, tone, and tools.<\/p>\n      <\/div>\n      <div class=\"wp-sp-process__step\">\n        <div class=\"wp-sp-process__step-num\">03<\/div>\n        <h4>Go-Live &amp; QA<\/h4>\n        <p>We launch the operation with intensive monitoring, quality assurance, and real-time coaching.<\/p>\n      <\/div>\n      <div class=\"wp-sp-process__step\">\n        <div class=\"wp-sp-process__step-num\">04<\/div>\n        <h4>Continuous optimization<\/h4>\n        <p>Ongoing analysis, actionable insights, and continuous improvement to exceed goals.<\/p>\n      <\/div>\n    <\/div>\n  <\/div>\n<\/div>\n\n<!-- ============================\n     SECTION 5 \u2014 KPIs QUE MEDIMOS\n     ============================ -->\n<div class=\"wp-sp-kpis\">\n  <div class=\"wp-sp-kpis__inner\">\n    <div class=\"wp-sp-kpis__header\">\n      <span class=\"wp-sp-kpis__header-icon\"><svg width=\"20\" height=\"20\" viewbox=\"0 0 24 24\" fill=\"none\"><rect x=\"3\" y=\"12\" width=\"4\" height=\"9\" rx=\"1\" fill=\"#e39940\"\/><rect x=\"10\" y=\"7\" width=\"4\" height=\"14\" rx=\"1\" fill=\"#e39940\"\/><rect x=\"17\" y=\"3\" width=\"4\" height=\"18\" rx=\"1\" fill=\"#e39940\"\/><\/svg><\/span>\n      <h3>KPIs measured<\/h3>\n    <\/div>\n    <div class=\"wp-sp-kpis__pills\">\n      <span class=\"wp-sp-kpis__pill\">CSAT<\/span>\n      <span class=\"wp-sp-kpis__pill\">NPS<\/span>\n      <span class=\"wp-sp-kpis__pill\">FCR<\/span>\n      <span class=\"wp-sp-kpis__pill\">SLA<\/span>\n      <span class=\"wp-sp-kpis__pill\">Occupancy<\/span>\n      <span class=\"wp-sp-kpis__pill\">Conversion Rate<\/span>\n      <span class=\"wp-sp-kpis__pill\">Recovery Rate<\/span>\n      <span class=\"wp-sp-kpis__pill\">Quality Score<\/span>\n      <span class=\"wp-sp-kpis__pill\">Cost per Contact<\/span>\n    <\/div>\n  <\/div>\n<\/div>\n\n<!-- ============================\n     SECTION 6 \u2014 CTA FINAL\n     ============================ -->\n<div class=\"wp-sp-cta\">\n  <div class=\"wp-sp-cta__inner\">\n    <h2>Are you interested in this service?<\/h2>\n    <p>Let\u2019s discuss how to tailor this solution to your business<\/p>\n    <!-- URL: Cambia #contacto por la URL de tu p\u00e1gina\/secci\u00f3n de contacto -->\n    <a href=\"#contacto\" class=\"wp-sp-cta__btn\">Talk to a specialist \u2192<\/a>\n  <\/div>\n<\/div>\n\n<\/div>\t\t\t\t<\/div>\n\t\t\t\t<\/div>\n\t\t\t\t<div class=\"elementor-element elementor-element-cf438aa elementor-widget elementor-widget-heading\" data-id=\"cf438aa\" data-element_type=\"widget\" data-e-type=\"widget\" data-widget_type=\"heading.default\">\n\t\t\t\t<div class=\"elementor-widget-container\">\n\t\t\t\t\t<h2 class=\"elementor-heading-title elementor-size-default\">Companies that trust Wepartner<\/h2>\t\t\t\t<\/div>\n\t\t\t\t<\/div>\n\t\t\t\t\t<\/div>\n\t\t<\/div>\n\t\t\t\t\t<\/div>\n\t\t<\/section>\n\t\t\t\t<\/div>","protected":false},"excerpt":{"rendered":"<p>\u2190 Volver a Soluciones Servicios Especializados de BPO Pods operativos listos para ejecutar con QA, WFM y BI desde el primer d\u00eda Dise\u00f1amos y operamos pods especializados para cada vertical de tu negocio: back office, generaci\u00f3n de leads, cobranza, soporte en salud, servicios legales y automatizaci\u00f3n de campa\u00f1as de venta. Equipos biling\u00fces, dedicados y completamente [&hellip;]<\/p>\n","protected":false},"author":3,"featured_media":0,"parent":0,"menu_order":0,"comment_status":"closed","ping_status":"closed","template":"","meta":{"_monsterinsights_skip_tracking":false,"_monsterinsights_sitenote_active":false,"_monsterinsights_sitenote_note":"","_monsterinsights_sitenote_category":0,"footnotes":""},"class_list":["post-4230","page","type-page","status-publish","hentry"],"aioseo_notices":[],"_links":{"self":[{"href":"http:\/\/wepartner.mx\/en\/wp-json\/wp\/v2\/pages\/4230","targetHints":{"allow":["GET"]}}],"collection":[{"href":"http:\/\/wepartner.mx\/en\/wp-json\/wp\/v2\/pages"}],"about":[{"href":"http:\/\/wepartner.mx\/en\/wp-json\/wp\/v2\/types\/page"}],"author":[{"embeddable":true,"href":"http:\/\/wepartner.mx\/en\/wp-json\/wp\/v2\/users\/3"}],"replies":[{"embeddable":true,"href":"http:\/\/wepartner.mx\/en\/wp-json\/wp\/v2\/comments?post=4230"}],"version-history":[{"count":7,"href":"http:\/\/wepartner.mx\/en\/wp-json\/wp\/v2\/pages\/4230\/revisions"}],"predecessor-version":[{"id":4498,"href":"http:\/\/wepartner.mx\/en\/wp-json\/wp\/v2\/pages\/4230\/revisions\/4498"}],"wp:attachment":[{"href":"http:\/\/wepartner.mx\/en\/wp-json\/wp\/v2\/media?parent=4230"}],"curies":[{"name":"wp","href":"https:\/\/api.w.org\/{rel}","templated":true}]}}