{"id":4240,"date":"2026-03-25T03:13:00","date_gmt":"2026-03-25T03:13:00","guid":{"rendered":"https:\/\/wepartner.mx\/?page_id=4240"},"modified":"2026-03-25T03:14:24","modified_gmt":"2026-03-25T03:14:24","slug":"servicios-para-travel-leisure","status":"publish","type":"page","link":"http:\/\/wepartner.mx\/en\/servicios-para-travel-leisure\/","title":{"rendered":"Servicios para Travel &amp; Leisure"},"content":{"rendered":"<div data-elementor-type=\"wp-page\" data-elementor-id=\"4240\" class=\"elementor elementor-4240\" data-elementor-post-type=\"page\">\n\t\t\t\t\t\t<section class=\"elementor-section elementor-top-section elementor-element elementor-element-07bd305 elementor-section-full_width elementor-section-height-default elementor-section-height-default\" data-id=\"07bd305\" data-element_type=\"section\" data-e-type=\"section\">\n\t\t\t\t\t\t<div class=\"elementor-container elementor-column-gap-default\">\n\t\t\t\t\t<div class=\"elementor-column elementor-col-100 elementor-top-column elementor-element elementor-element-ce0146b\" data-id=\"ce0146b\" data-element_type=\"column\" data-e-type=\"column\">\n\t\t\t<div class=\"elementor-widget-wrap elementor-element-populated\">\n\t\t\t\t\t\t<div class=\"elementor-element elementor-element-49a8b10 elementor-widget elementor-widget-html\" data-id=\"49a8b10\" data-element_type=\"widget\" data-e-type=\"widget\" data-widget_type=\"html.default\">\n\t\t\t\t<div class=\"elementor-widget-container\">\n\t\t\t\t\t<style>\n  @import url('https:\/\/fonts.googleapis.com\/css2?family=DM+Sans:ital,opsz,wght@0,9..40,400;0,9..40,500;0,9..40,600;0,9..40,700;0,9..40,800;1,9..40,400&display=swap');\n\n  .wp-sp * { margin: 0; padding: 0; box-sizing: border-box; }\n  .wp-sp, .wp-sp * { font-family: 'DM Sans', sans-serif !important; }\n\n  .wp-sp-hero { background: transparent; padding: 64px 80px 72px; }\n  .wp-sp-hero__inner { max-width: 1100px; margin: 0 auto; }\n  .wp-sp-hero__back, .wp-sp-hero__back:link, .wp-sp-hero__back:visited { display: inline-flex; align-items: center; gap: 6px; font-size: 13px; color: #009fdf; text-decoration: none !important; font-weight: 500; margin-bottom: 32px; transition: gap 0.2s; }\n  .wp-sp-hero__back:hover { gap: 10px; }\n  .wp-sp-hero h1 { font-size: 48px; font-weight: 800; color: #14213d; line-height: 1.08; margin-bottom: 14px; letter-spacing: -1px; }\n  .wp-sp-hero__subtitle { font-size: 18px; font-weight: 600; color: #009fdf; margin-bottom: 16px; }\n  .wp-sp-hero__desc { font-size: 16px; color: #64748b; line-height: 1.7; max-width: 680px; }\n\n  .wp-sp-results { background: transparent; padding: 0 80px 80px; }\n  .wp-sp-results__card { max-width: 1100px; margin: 0 auto; background: #1a2e5a; border-radius: 24px; padding: 40px 44px; }\n  .wp-sp-results__header { display: flex; align-items: center; gap: 12px; margin-bottom: 28px; }\n  .wp-sp-results__icon { width: 36px; height: 36px; background: rgba(227,153,64,0.15); border-radius: 10px; display: flex; align-items: center; justify-content: center; }\n  .wp-sp-results__header h3 { font-size: 20px; font-weight: 700; color: #fff; }\n  .wp-sp-results__grid { display: grid; grid-template-columns: 1fr 1fr; gap: 14px; }\n  .wp-sp-results__item { display: flex; align-items: center; gap: 12px; background: rgba(255,255,255,0.06); border: 1px solid rgba(255,255,255,0.08); border-radius: 12px; padding: 16px 20px; }\n  .wp-sp-results__check { width: 24px; height: 24px; border-radius: 50%; border: 1.5px solid #e39940; display: flex; align-items: center; justify-content: center; flex-shrink: 0; }\n  .wp-sp-results__check svg { width: 12px; height: 12px; }\n  .wp-sp-results__item span { font-size: 14px; color: rgba(255,255,255,0.85); font-weight: 500; }\n\n  .wp-sp-cases { background: transparent; padding: 80px 80px; }\n  .wp-sp-cases__inner { max-width: 1100px; margin: 0 auto; }\n  .wp-sp-cases__header { display: flex; align-items: center; gap: 12px; margin-bottom: 32px; }\n  .wp-sp-cases__header-icon { width: 32px; height: 32px; display: flex; align-items: center; justify-content: center; color: #009fdf; }\n  .wp-sp-cases__header h3 { font-size: 24px; font-weight: 800; color: #14213d; }\n  .wp-sp-cases__grid { display: grid; grid-template-columns: repeat(3, 1fr); gap: 16px; }\n  .wp-sp-cases__card { border: 1px solid #e2e8f0; border-radius: 16px; padding: 24px; transition: box-shadow 0.2s, transform 0.2s; }\n  .wp-sp-cases__card:hover { box-shadow: 0 6px 24px rgba(0,159,223,0.08); transform: translateY(-2px); }\n  .wp-sp-cases__num { display: inline-flex; align-items: center; justify-content: center; width: 32px; height: 32px; border-radius: 8px; background: #eef4ff; font-size: 12px; font-weight: 700; color: #203c85; margin-bottom: 14px; }\n  .wp-sp-cases__card h4 { font-size: 15px; font-weight: 700; color: #009fdf; margin-bottom: 6px; }\n  .wp-sp-cases__card p { font-size: 14px; color: #14213d; font-weight: 500; line-height: 1.5; }\n\n  .wp-sp-process { background: transparent; padding: 0 80px 80px; }\n  .wp-sp-process__inner { max-width: 1100px; margin: 0 auto; }\n  .wp-sp-process__header { display: flex; align-items: center; gap: 12px; margin-bottom: 32px; }\n  .wp-sp-process__header h3 { font-size: 24px; font-weight: 800; color: #14213d; }\n  .wp-sp-process__grid { display: grid; grid-template-columns: repeat(4, 1fr); gap: 16px; }\n  .wp-sp-process__step { border: 1px solid #e2e8f0; border-top: 3px solid #009fdf; border-radius: 16px; padding: 28px 22px; }\n  .wp-sp-process__step-num { font-size: 40px; font-weight: 800; color: #eef0f4; line-height: 1; margin-bottom: 12px; }\n  .wp-sp-process__step h4 { font-size: 15px; font-weight: 700; color: #14213d; margin-bottom: 8px; line-height: 1.3; }\n  .wp-sp-process__step p { font-size: 13px; color: #64748b; line-height: 1.6; }\n\n  .wp-sp-kpis { background: transparent; padding: 0 80px 80px; }\n  .wp-sp-kpis__inner { max-width: 1100px; margin: 0 auto; }\n  .wp-sp-kpis__header { display: flex; align-items: center; gap: 12px; margin-bottom: 24px; }\n  .wp-sp-kpis__header-icon { color: #e39940; }\n  .wp-sp-kpis__header h3 { font-size: 24px; font-weight: 800; color: #14213d; }\n  .wp-sp-kpis__pills { display: flex; flex-wrap: wrap; gap: 10px; }\n  .wp-sp-kpis__pill { display: inline-block; background: #fff; border: 1.5px solid #e2e8f0; border-radius: 100px; padding: 10px 20px; font-size: 14px; font-weight: 600; color: #14213d; transition: border-color 0.2s, background 0.2s; }\n  .wp-sp-kpis__pill:hover { border-color: #009fdf; background: #eef8fd; color: #009fdf; }\n\n  .wp-sp-cta { background: #009fdf; padding: 72px 80px; text-align: center; position: relative; overflow: hidden; }\n  .wp-sp-cta::before { content: ''; position: absolute; width: 300px; height: 300px; border-radius: 50%; background: rgba(255,255,255,0.06); top: -80px; left: -60px; }\n  .wp-sp-cta::after { content: ''; position: absolute; width: 200px; height: 200px; border-radius: 50%; background: rgba(255,255,255,0.04); bottom: -60px; right: -40px; }\n  .wp-sp-cta__inner { position: relative; z-index: 1; }\n  .wp-sp-cta h2 { font-size: 34px; font-weight: 800; color: #fff; margin-bottom: 12px; letter-spacing: -0.5px; }\n  .wp-sp-cta p { font-size: 16px; color: rgba(255,255,255,0.85); margin-bottom: 32px; }\n  .wp-sp-cta__btn, .wp-sp-cta__btn:link, .wp-sp-cta__btn:visited { display: inline-flex; align-items: center; gap: 8px; background: #e39940; color: #fff; border: none; padding: 16px 32px; border-radius: 12px; font-size: 16px; font-weight: 700; cursor: pointer; text-decoration: none !important; transition: background 0.2s, transform 0.15s; }\n  .wp-sp-cta__btn:hover { background: #c9872e; transform: translateY(-2px); }\n\n  @media (max-width: 1024px) {\n    .wp-sp-hero, .wp-sp-results, .wp-sp-cases, .wp-sp-process, .wp-sp-kpis, .wp-sp-cta { padding-left: 40px; padding-right: 40px; }\n    .wp-sp-process__grid { grid-template-columns: repeat(2, 1fr); }\n    .wp-sp-cases__grid { grid-template-columns: repeat(2, 1fr); }\n  }\n  @media (max-width: 768px) {\n    .wp-sp-hero, .wp-sp-results, .wp-sp-cases, .wp-sp-process, .wp-sp-kpis, .wp-sp-cta { padding-left: 20px; padding-right: 20px; }\n    .wp-sp-hero h1 { font-size: 32px; }\n    .wp-sp-results__grid { grid-template-columns: 1fr; }\n    .wp-sp-results__card { padding: 28px 20px; }\n    .wp-sp-cases__grid { grid-template-columns: 1fr; }\n    .wp-sp-process__grid { grid-template-columns: 1fr; }\n    .wp-sp-cta h2 { font-size: 26px; }\n  }\n<\/style>\n\n<div class=\"wp-sp\">\n\n<div class=\"wp-sp-hero\">\n  <div class=\"wp-sp-hero__inner\">\n    <!-- URL: P\u00e1gina de soluciones -->\n    <a href=\"https:\/\/wepartner.mx\/en\/soluciones\/\" class=\"wp-sp-hero__back\">\u2190 Back to Solutions<\/a>\n    <h1>Travel &amp; Leisure Services<\/h1>\n    <p class=\"wp-sp-hero__subtitle\">Travel-specific playbooks integrated with QA, WFM, dashboards, and automation<\/p>\n    <p class=\"wp-sp-hero__desc\">Solutions designed for the travel industry, featuring specialized playbooks that optimize the traveler\u2019s experience at every stage of the journey.<\/p>\n  <\/div>\n<\/div>\n\n<div class=\"wp-sp-results\">\n  <div class=\"wp-sp-results__card\">\n    <div class=\"wp-sp-results__header\">\n      <div class=\"wp-sp-results__icon\"><svg width=\"18\" height=\"18\" viewbox=\"0 0 24 24\" fill=\"none\"><circle cx=\"12\" cy=\"12\" r=\"10\" stroke=\"#e39940\" stroke-width=\"2\"\/><circle cx=\"12\" cy=\"12\" r=\"6\" stroke=\"#e39940\" stroke-width=\"2\"\/><circle cx=\"12\" cy=\"12\" r=\"2\" fill=\"#e39940\"\/><\/svg><\/div>\n      <h3>What to expect<\/h3>\n    <\/div>\n    <div class=\"wp-sp-results__grid\">\n      <div class=\"wp-sp-results__item\">\n        <div class=\"wp-sp-results__check\"><svg viewbox=\"0 0 12 12\" fill=\"none\"><path d=\"M2 6l3 3 5-5\" stroke=\"#e39940\" stroke-width=\"1.5\" stroke-linecap=\"round\" stroke-linejoin=\"round\"\/><\/svg><\/div>\n        <span>Increase in reservation conversion<\/span>\n      <\/div>\n      <div class=\"wp-sp-results__item\">\n        <div class=\"wp-sp-results__check\"><svg viewbox=\"0 0 12 12\" fill=\"none\"><path d=\"M2 6l3 3 5-5\" stroke=\"#e39940\" stroke-width=\"1.5\" stroke-linecap=\"round\" stroke-linejoin=\"round\"\/><\/svg><\/div>\n        <span>Improvements in traveler CSAT and NPS<\/span>\n      <\/div>\n      <div class=\"wp-sp-results__item\">\n        <div class=\"wp-sp-results__check\"><svg viewbox=\"0 0 12 12\" fill=\"none\"><path d=\"M2 6l3 3 5-5\" stroke=\"#e39940\" stroke-width=\"1.5\" stroke-linecap=\"round\" stroke-linejoin=\"round\"\/><\/svg><\/div>\n        <span>Reduced response times during peak season<\/span>\n      <\/div>\n      <div class=\"wp-sp-results__item\">\n        <div class=\"wp-sp-results__check\"><svg viewbox=\"0 0 12 12\" fill=\"none\"><path d=\"M2 6l3 3 5-5\" stroke=\"#e39940\" stroke-width=\"1.5\" stroke-linecap=\"round\" stroke-linejoin=\"round\"\/><\/svg><\/div>\n        <span>Retention and upselling through loyalty programs<\/span>\n      <\/div>\n    <\/div>\n  <\/div>\n<\/div>\n\n<div class=\"wp-sp-cases\">\n  <div class=\"wp-sp-cases__inner\">\n    <div class=\"wp-sp-cases__header\">\n      <div class=\"wp-sp-cases__header-icon\"><svg width=\"20\" height=\"20\" viewbox=\"0 0 24 24\" fill=\"none\"><path d=\"M9 21h6m-3-18a7 7 0 0 1 4 12.7V17a1 1 0 0 1-1 1h-6a1 1 0 0 1-1-1v-1.3A7 7 0 0 1 12 3z\" stroke=\"#009fdf\" stroke-width=\"2\" stroke-linecap=\"round\" stroke-linejoin=\"round\"\/><\/svg><\/div>\n      <h3>Our services<\/h3>\n    <\/div>\n    <div class=\"wp-sp-cases__grid\">\n      <div class=\"wp-sp-cases__card\">\n        <div class=\"wp-sp-cases__num\">01<\/div>\n        <h4>DMC \/ OTAs<\/h4>\n        <p>Reservations, changes, operational coordination, and vendor management.<\/p>\n      <\/div>\n      <div class=\"wp-sp-cases__card\">\n        <div class=\"wp-sp-cases__num\">02<\/div>\n        <h4>Support for Airlines<\/h4>\n        <p>Changes, policies, incidents, adjustments, and high-demand management.<\/p>\n      <\/div>\n      <div class=\"wp-sp-cases__card\">\n        <div class=\"wp-sp-cases__num\">03<\/div>\n        <h4>Hospitality<\/h4>\n        <p>Reservations, concierge services, pre-arrival, during-stay, and post-stay support, reputation management.<\/p>\n      <\/div>\n      <div class=\"wp-sp-cases__card\">\n        <div class=\"wp-sp-cases__num\">04<\/div>\n        <h4>Vacation Clubs<\/h4>\n        <p>Member Services, Upgrades, Retention, and Confirmations.<\/p>\n      <\/div>\n      <div class=\"wp-sp-cases__card\">\n        <div class=\"wp-sp-cases__num\">05<\/div>\n        <h4>Mobility and Transportation<\/h4>\n        <p>Reservations, changes, incident management, and service restoration.<\/p>\n      <\/div>\n      <div class=\"wp-sp-cases__card\">\n        <div class=\"wp-sp-cases__num\">06<\/div>\n        <h4>Loyalty Programs<\/h4>\n        <p>Member services, redemptions, upgrades, and campaign support.<\/p>\n      <\/div>\n    <\/div>\n  <\/div>\n<\/div>\n\n<div class=\"wp-sp-process\">\n  <div class=\"wp-sp-process__inner\">\n    <div class=\"wp-sp-process__header\">\n      <h3>The process<\/h3>\n    <\/div>\n    <div class=\"wp-sp-process__grid\">\n      <div class=\"wp-sp-process__step\">\n        <div class=\"wp-sp-process__step-num\">01<\/div>\n        <h4>Journey Analysis<\/h4>\n        <p>We map the traveler's journey and identify pain points and opportunities.<\/p>\n      <\/div>\n      <div class=\"wp-sp-process__step\">\n        <div class=\"wp-sp-process__step-num\">02<\/div>\n        <h4>Playbook & Training<\/h4>\n        <p>We design specialized playbooks and train the team on your systems and standards.<\/p>\n      <\/div>\n      <div class=\"wp-sp-process__step\">\n        <div class=\"wp-sp-process__step-num\">03<\/div>\n        <h4>Go-Live &amp; QA<\/h4>\n        <p>We launch the operation with intensive monitoring, quality assurance, and real-time coaching.<\/p>\n      <\/div>\n      <div class=\"wp-sp-process__step\">\n        <div class=\"wp-sp-process__step-num\">04<\/div>\n        <h4>Revenue optimization<\/h4>\n        <p>Ongoing optimization focused on conversion, upselling, and traveler retention.<\/p>\n      <\/div>\n    <\/div>\n  <\/div>\n<\/div>\n\n<div class=\"wp-sp-kpis\">\n  <div class=\"wp-sp-kpis__inner\">\n    <div class=\"wp-sp-kpis__header\">\n      <span class=\"wp-sp-kpis__header-icon\"><svg width=\"20\" height=\"20\" viewbox=\"0 0 24 24\" fill=\"none\"><rect x=\"3\" y=\"12\" width=\"4\" height=\"9\" rx=\"1\" fill=\"#e39940\"\/><rect x=\"10\" y=\"7\" width=\"4\" height=\"14\" rx=\"1\" fill=\"#e39940\"\/><rect x=\"17\" y=\"3\" width=\"4\" height=\"18\" rx=\"1\" fill=\"#e39940\"\/><\/svg><\/span>\n      <h3>KPIs measured<\/h3>\n    <\/div>\n    <div class=\"wp-sp-kpis__pills\">\n      <span class=\"wp-sp-kpis__pill\">Booking Conversion<\/span>\n      <span class=\"wp-sp-kpis__pill\">CSAT<\/span>\n      <span class=\"wp-sp-kpis__pill\">NPS<\/span>\n      <span class=\"wp-sp-kpis__pill\">Revenue per Contact<\/span>\n      <span class=\"wp-sp-kpis__pill\">AHT<\/span>\n      <span class=\"wp-sp-kpis__pill\">Upsell Rate<\/span>\n      <span class=\"wp-sp-kpis__pill\">Retention Rate<\/span>\n      <span class=\"wp-sp-kpis__pill\">SLA<\/span>\n    <\/div>\n  <\/div>\n<\/div>\n\n<div class=\"wp-sp-cta\">\n  <div class=\"wp-sp-cta__inner\">\n    <h2>Are you interested in this service?<\/h2>\n    <p>Let\u2019s discuss how to tailor this solution to your business<\/p>\n    <!-- URL: Cambia #contacto por la URL de tu p\u00e1gina\/secci\u00f3n de contacto -->\n    <a href=\"#contacto\" class=\"wp-sp-cta__btn\">Talk to a specialist \u2192<\/a>\n  <\/div>\n<\/div>\n\n<\/div>\t\t\t\t<\/div>\n\t\t\t\t<\/div>\n\t\t\t\t<div class=\"elementor-element elementor-element-993a43e elementor-widget elementor-widget-heading\" data-id=\"993a43e\" data-element_type=\"widget\" data-e-type=\"widget\" data-widget_type=\"heading.default\">\n\t\t\t\t<div class=\"elementor-widget-container\">\n\t\t\t\t\t<h2 class=\"elementor-heading-title elementor-size-default\">Companies that trust Wepartner<\/h2>\t\t\t\t<\/div>\n\t\t\t\t<\/div>\n\t\t\t\t\t<\/div>\n\t\t<\/div>\n\t\t\t\t\t<\/div>\n\t\t<\/section>\n\t\t\t\t<\/div>","protected":false},"excerpt":{"rendered":"<p>\u2190 Volver a Soluciones Servicios para Travel &#038; Leisure Playbooks especializados en travel integrados con QA, WFM, dashboards y automatizaci\u00f3n Soluciones dise\u00f1adas espec\u00edficamente para la industria tur\u00edstica y de hospitalidad. Operamos con playbooks probados que optimizan la experiencia del viajero en cada etapa del journey, desde la reservaci\u00f3n hasta el post-viaje. Resultados esperados Incremento en [&hellip;]<\/p>\n","protected":false},"author":3,"featured_media":0,"parent":0,"menu_order":0,"comment_status":"closed","ping_status":"closed","template":"","meta":{"_monsterinsights_skip_tracking":false,"_monsterinsights_sitenote_active":false,"_monsterinsights_sitenote_note":"","_monsterinsights_sitenote_category":0,"footnotes":""},"class_list":["post-4240","page","type-page","status-publish","hentry"],"aioseo_notices":[],"_links":{"self":[{"href":"http:\/\/wepartner.mx\/en\/wp-json\/wp\/v2\/pages\/4240","targetHints":{"allow":["GET"]}}],"collection":[{"href":"http:\/\/wepartner.mx\/en\/wp-json\/wp\/v2\/pages"}],"about":[{"href":"http:\/\/wepartner.mx\/en\/wp-json\/wp\/v2\/types\/page"}],"author":[{"embeddable":true,"href":"http:\/\/wepartner.mx\/en\/wp-json\/wp\/v2\/users\/3"}],"replies":[{"embeddable":true,"href":"http:\/\/wepartner.mx\/en\/wp-json\/wp\/v2\/comments?post=4240"}],"version-history":[{"count":4,"href":"http:\/\/wepartner.mx\/en\/wp-json\/wp\/v2\/pages\/4240\/revisions"}],"predecessor-version":[{"id":4247,"href":"http:\/\/wepartner.mx\/en\/wp-json\/wp\/v2\/pages\/4240\/revisions\/4247"}],"wp:attachment":[{"href":"http:\/\/wepartner.mx\/en\/wp-json\/wp\/v2\/media?parent=4240"}],"curies":[{"name":"wp","href":"https:\/\/api.w.org\/{rel}","templated":true}]}}